{"id":2371,"date":"2024-08-05T11:29:24","date_gmt":"2024-08-05T11:29:24","guid":{"rendered":"https:\/\/palaciodelosmencos.es\/tinajas-aceiteras\/"},"modified":"2024-10-04T09:24:26","modified_gmt":"2024-10-04T09:24:26","slug":"tinajas-aceiteras","status":"publish","type":"page","link":"https:\/\/palaciodelosmencos.es\/fr\/activites\/algunas-curiosidades\/tinajas-aceiteras\/","title":{"rendered":"Tinajas aceiteras"},"content":{"rendered":"<p>[et_pb_section fb_built=&#8221;1&#8243; _builder_version=&#8221;4.17.4&#8243; _module_preset=&#8221;default&#8221; background_color=&#8221;#B0976D&#8221; background_enable_image=&#8221;off&#8221; background_enable_pattern_style=&#8221;on&#8221; background_pattern_style=&#8221;shippo&#8221; background_pattern_color=&#8221;rgba(0,0,0,0.03)&#8221; background_pattern_size=&#8221;custom&#8221; background_pattern_width=&#8221;31px&#8221; locked=&#8221;off&#8221; global_colors_info=&#8221;{}&#8221;][et_pb_row _builder_version=&#8221;4.17.4&#8243; _module_preset=&#8221;default&#8221; global_colors_info=&#8221;{}&#8221;][et_pb_column type=&#8221;4_4&#8243; _builder_version=&#8221;4.17.4&#8243; _module_preset=&#8221;default&#8221; global_colors_info=&#8221;{}&#8221;][et_pb_text _builder_version=&#8221;4.27.0&#8243; _module_preset=&#8221;default&#8221; global_colors_info=&#8221;{}&#8221;]<\/p>\n<h1><strong>Quelques CURIOSIT\u00c9S<\/strong><\/h1>\n<p>[\/et_pb_text][\/et_pb_column][\/et_pb_row][\/et_pb_section][et_pb_section fb_built=&#8221;1&#8243; _builder_version=&#8221;4.27.0&#8243; _module_preset=&#8221;default&#8221; custom_padding=&#8221;112px||155px|||&#8221; locked=&#8221;off&#8221; global_colors_info=&#8221;{}&#8221;][et_pb_row column_structure=&#8221;1_3,1_3,1_3&#8243; _builder_version=&#8221;4.27.0&#8243; _module_preset=&#8221;default&#8221; global_colors_info=&#8221;{}&#8221;][et_pb_column type=&#8221;1_3&#8243; _builder_version=&#8221;4.27.0&#8243; _module_preset=&#8221;default&#8221; global_colors_info=&#8221;{}&#8221;][et_pb_number_counter title=&#8221;Les jarres \u00e0 huile&#8221; number=&#8221;1&#8243; percent_sign=&#8221;off&#8221; _builder_version=&#8221;4.27.0&#8243; _module_preset=&#8221;default&#8221; title_font_size=&#8221;31px&#8221; title_line_height=&#8221;2.1em&#8221; number_font_size=&#8221;100px&#8221; global_colors_info=&#8221;{}&#8221;][\/et_pb_number_counter][\/et_pb_column][et_pb_column type=&#8221;1_3&#8243; _builder_version=&#8221;4.27.0&#8243; _module_preset=&#8221;default&#8221; global_colors_info=&#8221;{}&#8221;][et_pb_text _builder_version=&#8221;4.27.0&#8243; _module_preset=&#8221;default&#8221; global_colors_info=&#8221;{}&#8221;]Dans cet espace, vous pouvez voir deux grandes jarres \u00e0 huile dans lesquelles l&#8217;huile lampante \u00e9tait d\u00e9pos\u00e9e.<\/p>\n<p>Il ne faut pas oublier qu&#8217;avant l&#8217;arriv\u00e9e de l&#8217;\u00e9lectricit\u00e9, tout l&#8217;\u00e9clairage du palais se faisait \u00e0 l&#8217;aide de <strong>bougies et de lampes \u00e0 huile.<\/strong><\/p>\n<p>La famille Mencos poss\u00e9dait plusieurs oliveraies \u00e0 Tafalla et dans le domaine de Montecillo \u00e0 Milagro (Navarre) et vendait son huile. Ces anciennes cuves ont \u00e9t\u00e9 <strong>sculpt\u00e9es \u00e0 la main au m\u00eame endroit.<\/strong><\/p>\n<p>L&#8217;utilisation de l&#8217;huile d&#8217;olive pour l&#8217;\u00e9clairage s&#8217;est poursuivie jusqu&#8217;au XIXe si\u00e8cle, date \u00e0 laquelle elle a \u00e9t\u00e9 remplac\u00e9e par la lampe \u00e0 huile et plus tard par l&#8217;\u00e9lectricit\u00e9.[\/et_pb_text][\/et_pb_column][et_pb_column type=&#8221;1_3&#8243; _builder_version=&#8221;4.27.0&#8243; _module_preset=&#8221;default&#8221; global_colors_info=&#8221;{}&#8221;][et_pb_image src=&#8221;https:\/\/palaciodelosmencos.es\/wp-content\/uploads\/2024\/08\/1.jpg&#8221; title_text=&#8221;1&#8243; _builder_version=&#8221;4.27.0&#8243; _module_preset=&#8221;default&#8221; transform_scale=&#8221;114%|114%&#8221; custom_padding=&#8221;30px||||false|false&#8221; border_width_all=&#8221;3px&#8221; border_color_all=&#8221;#C10D0D&#8221; global_colors_info=&#8221;{}&#8221;][\/et_pb_image][\/et_pb_column][\/et_pb_row][\/et_pb_section][et_pb_section fb_built=&#8221;1&#8243; _builder_version=&#8221;4.17.4&#8243; _module_preset=&#8221;default&#8221; custom_padding=&#8221;68px|||||&#8221; locked=&#8221;off&#8221; global_colors_info=&#8221;{}&#8221;][et_pb_row _builder_version=&#8221;4.17.4&#8243; _module_preset=&#8221;default&#8221; global_colors_info=&#8221;{}&#8221;][et_pb_column type=&#8221;4_4&#8243; _builder_version=&#8221;4.17.4&#8243; _module_preset=&#8221;default&#8221; global_colors_info=&#8221;{}&#8221;][et_pb_gallery gallery_ids=&#8221;149,150,151,152,153,154,155,156,157,158,159,160,161,162&#8243; fullwidth=&#8221;on&#8221; _builder_version=&#8221;4.17.4&#8243; _module_preset=&#8221;default&#8221; custom_margin=&#8221;||76px|||&#8221; border_width_all=&#8221;7px&#8221; border_color_all=&#8221;#FFFFFF&#8221; box_shadow_style=&#8221;preset3&#8243; global_colors_info=&#8221;{}&#8221;][\/et_pb_gallery][et_pb_button button_url=&#8221;@ET-DC@eyJkeW5hbWljIjp0cnVlLCJjb250ZW50IjoicG9zdF9saW5rX3VybF9wYWdlIiwic2V0dGluZ3MiOnsicG9zdF9pZCI6IjQ5In19@&#8221; button_text=&#8221;Reserve su visita&#8221; button_alignment=&#8221;center&#8221; _builder_version=&#8221;4.17.4&#8243; _dynamic_attributes=&#8221;button_url&#8221; _module_preset=&#8221;default&#8221; custom_button=&#8221;on&#8221; button_text_color=&#8221;#FFFFFF&#8221; button_bg_color=&#8221;#C10D0D&#8221; button_border_width=&#8221;0px&#8221; button_border_radius=&#8221;21px&#8221; box_shadow_style=&#8221;preset3&#8243; global_colors_info=&#8221;{}&#8221;][\/et_pb_button][\/et_pb_column][\/et_pb_row][\/et_pb_section][et_pb_section fb_built=&#8221;1&#8243; disabled_on=&#8221;off|off|off&#8221; _builder_version=&#8221;4.25.1&#8243; _module_preset=&#8221;default&#8221; locked=&#8221;off&#8221; global_colors_info=&#8221;{}&#8221;][et_pb_row _builder_version=&#8221;4.25.1&#8243; _module_preset=&#8221;default&#8221; global_colors_info=&#8221;{}&#8221;][et_pb_column type=&#8221;4_4&#8243; _builder_version=&#8221;4.25.1&#8243; _module_preset=&#8221;default&#8221; global_colors_info=&#8221;{}&#8221;][et_pb_code _builder_version=&#8221;4.27.2&#8243; _module_preset=&#8221;default&#8221; hover_enabled=&#8221;0&#8243; global_colors_info=&#8221;{}&#8221; sticky_enabled=&#8221;0&#8243;]<!-- Elemento de audio que comienza silenciado y se reproduce en bucle --><!-- [et_pb_line_break_holder] --><audio id=\"myAudio\" src=\"https:\/\/palaciodelosmencos.es\/wp-content\/uploads\/2024\/10\/3-3-1-tinajas-FRA.mp3\"><\/audio><!-- [et_pb_line_break_holder] --><!-- [et_pb_line_break_holder] --><!-- Bot\u00f3n flotante para activar\/desactivar el sonido --><!-- [et_pb_line_break_holder] --><button id=\"audioToggleButton\" class=\"floating-button\">\ud83d\udd0a<\/button><!-- [et_pb_line_break_holder] --><!-- [et_pb_line_break_holder] --> <script><!-- [et_pb_line_break_holder] -->\/\/ Control del audio al hacer clic en el bot\u00f3n flotante<!-- [et_pb_line_break_holder] -->document.getElementById('audioToggleButton').addEventListener('click', function() {<!-- [et_pb_line_break_holder] -->    var audio = document.getElementById('myAudio');<!-- [et_pb_line_break_holder] -->    if (audio.paused) {<!-- [et_pb_line_break_holder] -->        audio.play(); \/\/ Si est\u00e1 pausado, reproduce<!-- [et_pb_line_break_holder] -->        this.textContent = '\u23f9\ufe0f'; \/\/ Cambia el \u00edcono a stop<!-- [et_pb_line_break_holder] -->    } else {<!-- [et_pb_line_break_holder] -->        audio.pause(); \/\/ Si est\u00e1 reproduciendo, pausa<!-- [et_pb_line_break_holder] -->        audio.currentTime = 0; \/\/ Reinicia la reproducci\u00f3n<!-- [et_pb_line_break_holder] -->        this.textContent = '\u25b6\ufe0f'; \/\/ Cambia el \u00edcono a play<!-- [et_pb_line_break_holder] -->    }<!-- [et_pb_line_break_holder] -->});<!-- [et_pb_line_break_holder] --><\/script><!-- [et_pb_line_break_holder] --><!-- [et_pb_line_break_holder] --><script src=\"https:\/\/chatfast.io\/chat.script.js\" data-chat-service=\"ChatFast\" data-bot-id=\"070331e4-a916-4126-a73b-8d82691c825f\" data-chat-width=\"450px\" data-chat-height=\"850px\"><\/script>[\/et_pb_code][\/et_pb_column][\/et_pb_row][\/et_pb_section]<\/p>\n","protected":false},"excerpt":{"rendered":"<p>Quelques CURIOSIT\u00c9SDans cet espace, vous pouvez voir deux grandes jarres \u00e0 huile dans lesquelles l&#8217;huile lampante \u00e9tait d\u00e9pos\u00e9e. Il ne faut pas oublier qu&#8217;avant l&#8217;arriv\u00e9e de l&#8217;\u00e9lectricit\u00e9, tout l&#8217;\u00e9clairage du palais se faisait \u00e0 l&#8217;aide de bougies et de lampes \u00e0 huile. La famille Mencos poss\u00e9dait plusieurs oliveraies \u00e0 Tafalla et dans le domaine de [&hellip;]<\/p>\n","protected":false},"author":2,"featured_media":0,"parent":2390,"menu_order":0,"comment_status":"closed","ping_status":"closed","template":"","meta":{"_acf_changed":false,"_et_pb_use_builder":"on","_et_pb_old_content":"","_et_gb_content_width":"","footnotes":""},"class_list":["post-2371","page","type-page","status-publish","hentry"],"acf":[],"_links":{"self":[{"href":"https:\/\/palaciodelosmencos.es\/fr\/wp-json\/wp\/v2\/pages\/2371","targetHints":{"allow":["GET"]}}],"collection":[{"href":"https:\/\/palaciodelosmencos.es\/fr\/wp-json\/wp\/v2\/pages"}],"about":[{"href":"https:\/\/palaciodelosmencos.es\/fr\/wp-json\/wp\/v2\/types\/page"}],"author":[{"embeddable":true,"href":"https:\/\/palaciodelosmencos.es\/fr\/wp-json\/wp\/v2\/users\/2"}],"replies":[{"embeddable":true,"href":"https:\/\/palaciodelosmencos.es\/fr\/wp-json\/wp\/v2\/comments?post=2371"}],"version-history":[{"count":3,"href":"https:\/\/palaciodelosmencos.es\/fr\/wp-json\/wp\/v2\/pages\/2371\/revisions"}],"predecessor-version":[{"id":2580,"href":"https:\/\/palaciodelosmencos.es\/fr\/wp-json\/wp\/v2\/pages\/2371\/revisions\/2580"}],"up":[{"embeddable":true,"href":"https:\/\/palaciodelosmencos.es\/fr\/wp-json\/wp\/v2\/pages\/2390"}],"wp:attachment":[{"href":"https:\/\/palaciodelosmencos.es\/fr\/wp-json\/wp\/v2\/media?parent=2371"}],"curies":[{"name":"wp","href":"https:\/\/api.w.org\/{rel}","templated":true}]}}